{"id":1040,"date":"2025-03-12T19:18:41","date_gmt":"2025-03-12T19:18:41","guid":{"rendered":"https:\/\/chinahouse.be\/?page_id=1040"},"modified":"2025-10-16T19:59:01","modified_gmt":"2025-10-16T19:59:01","slug":"le-cercle-des-amis-du-palais-chinois","status":"publish","type":"page","link":"https:\/\/chinahouse.be\/fr\/le-cercle-des-amis-du-palais-chinois\/","title":{"rendered":"Le Cercle des amis du Palais Chinois"},"content":{"rendered":"\t\t<div data-elementor-type=\"wp-page\" data-elementor-id=\"1040\" class=\"elementor elementor-1040\" data-elementor-post-type=\"page\">\n\t\t\t\t<div class=\"elementor-element elementor-element-de9abb4 e-flex e-con-boxed e-con e-parent\" data-id=\"de9abb4\" data-element_type=\"container\" data-settings=\"{&quot;motion_fx_translateY_effect&quot;:&quot;yes&quot;,&quot;motion_fx_translateY_speed&quot;:{&quot;unit&quot;:&quot;px&quot;,&quot;size&quot;:1,&quot;sizes&quot;:[]},&quot;motion_fx_motion_fx_scrolling&quot;:&quot;yes&quot;,&quot;motion_fx_translateY_affectedRange&quot;:{&quot;unit&quot;:&quot;%&quot;,&quot;size&quot;:&quot;&quot;,&quot;sizes&quot;:{&quot;start&quot;:0,&quot;end&quot;:100}},&quot;motion_fx_devices&quot;:[&quot;desktop&quot;,&quot;tablet&quot;,&quot;mobile&quot;]}\">\n\t\t\t\t\t<div class=\"e-con-inner\">\n\t\t\t\t<div class=\"elementor-element elementor-element-71b0640 elementor-widget elementor-widget-heading\" data-id=\"71b0640\" data-element_type=\"widget\" data-widget_type=\"heading.default\">\n\t\t\t\t<div class=\"elementor-widget-container\">\n\t\t\t\t\t<h1 class=\"elementor-heading-title elementor-size-default\">Le Cercle des Amis du Palais chinois et des Pays des Routes de la Soie,\nun lieu d\u2019\u00e9changes entre pass\u00e9, pr\u00e9sent et avenir\n<\/h1>\t\t\t\t<\/div>\n\t\t\t\t<\/div>\n\t\t\t\t<div class=\"elementor-element elementor-element-085cc34 elementor-widget elementor-widget-text-editor\" data-id=\"085cc34\" data-element_type=\"widget\" data-widget_type=\"text-editor.default\">\n\t\t\t\t<div class=\"elementor-widget-container\">\n\t\t\t\t\t\t\t\t\t<p>Soutenir la renaissance du <strong>Palais chinois et des Pays des Routes de la Soie<\/strong>, c\u2019est participer \u00e0 une nouvelle page du patrimoine belge. En rejoignant ce <strong>Cercle des Amis<\/strong>, particuliers et entreprises s\u2019associent \u00e0 la restauration, \u00e0 la vie artistique et culturelle de ce lieu d\u2019exception, symbole du dialogue entre cultures, art et patrimoine.<\/p>\t\t\t\t\t\t\t\t<\/div>\n\t\t\t\t<\/div>\n\t\t\t\t\t<\/div>\n\t\t\t\t<\/div>\n\t\t<div class=\"elementor-element elementor-element-51fc196 e-con-full e-flex e-con e-parent\" data-id=\"51fc196\" data-element_type=\"container\" data-settings=\"{&quot;background_background&quot;:&quot;classic&quot;}\">\n\t\t<div class=\"elementor-element elementor-element-950fdd3 e-con-full e-flex e-con e-child\" data-id=\"950fdd3\" data-element_type=\"container\" data-settings=\"{&quot;background_background&quot;:&quot;classic&quot;}\">\n\t\t\t\t<div class=\"elementor-element elementor-element-c6613e0 elementor-widget elementor-widget-heading\" data-id=\"c6613e0\" data-element_type=\"widget\" data-widget_type=\"heading.default\">\n\t\t\t\t<div class=\"elementor-widget-container\">\n\t\t\t\t\t<p class=\"elementor-heading-title elementor-size-default\">\u00a9 J\u00e9r\u00f4me Hubert<\/p>\t\t\t\t<\/div>\n\t\t\t\t<\/div>\n\t\t\t\t<\/div>\n\t\t\t\t<\/div>\n\t\t<div class=\"elementor-element elementor-element-afd5894 e-flex e-con-boxed e-con e-parent\" data-id=\"afd5894\" data-element_type=\"container\">\n\t\t\t\t\t<div class=\"e-con-inner\">\n\t\t<div class=\"elementor-element elementor-element-0d0860c e-con-full e-flex e-con e-child\" data-id=\"0d0860c\" data-element_type=\"container\">\n\t\t\t\t<div class=\"elementor-element elementor-element-b765cb1 elementor-widget elementor-widget-heading\" data-id=\"b765cb1\" data-element_type=\"widget\" data-widget_type=\"heading.default\">\n\t\t\t\t<div class=\"elementor-widget-container\">\n\t\t\t\t\t<h2 class=\"elementor-heading-title elementor-size-default\">Un engagement porteur de sens et de privil\u00e8ges <\/h2>\t\t\t\t<\/div>\n\t\t\t\t<\/div>\n\t\t\t\t<div class=\"elementor-element elementor-element-e7785ac elementor-widget elementor-widget-image\" data-id=\"e7785ac\" data-element_type=\"widget\" data-widget_type=\"image.default\">\n\t\t\t\t<div class=\"elementor-widget-container\">\n\t\t\t\t\t\t\t\t\t\t\t\t\t\t\t<img fetchpriority=\"high\" decoding=\"async\" width=\"682\" height=\"1024\" src=\"https:\/\/chinahouse.be\/wp-content\/uploads\/2025\/03\/ChinaHouse_Laeken_AlexanderDHiet-7-682x1024.webp\" class=\"attachment-large size-large wp-image-1234\" alt=\"\" srcset=\"https:\/\/chinahouse.be\/wp-content\/uploads\/2025\/03\/ChinaHouse_Laeken_AlexanderDHiet-7-682x1024.webp 682w, https:\/\/chinahouse.be\/wp-content\/uploads\/2025\/03\/ChinaHouse_Laeken_AlexanderDHiet-7-200x300.webp 200w, https:\/\/chinahouse.be\/wp-content\/uploads\/2025\/03\/ChinaHouse_Laeken_AlexanderDHiet-7-768x1152.webp 768w, https:\/\/chinahouse.be\/wp-content\/uploads\/2025\/03\/ChinaHouse_Laeken_AlexanderDHiet-7-1024x1536.webp 1024w, https:\/\/chinahouse.be\/wp-content\/uploads\/2025\/03\/ChinaHouse_Laeken_AlexanderDHiet-7.webp 1333w\" sizes=\"(max-width: 682px) 100vw, 682px\" \/>\t\t\t\t\t\t\t\t\t\t\t\t\t\t\t<\/div>\n\t\t\t\t<\/div>\n\t\t\t\t<\/div>\n\t\t<div class=\"elementor-element elementor-element-9040ee6 e-con-full e-flex e-con e-child\" data-id=\"9040ee6\" data-element_type=\"container\">\n\t\t\t\t<div class=\"elementor-element elementor-element-ab46bdd elementor-widget elementor-widget-text-editor\" data-id=\"ab46bdd\" data-element_type=\"widget\" data-widget_type=\"text-editor.default\">\n\t\t\t\t<div class=\"elementor-widget-container\">\n\t\t\t\t\t\t\t\t\t<p>Les membres du Cercle b\u00e9n\u00e9ficient d\u2019un <strong>acc\u00e8s privil\u00e9gi\u00e9 et gratuit <\/strong>\u00e0 toutes les activit\u00e9s organis\u00e9es au Palais : expositions, conf\u00e9rences, concerts, \u00e9v\u00e9nements officiels, rencontres et activit\u00e9s culturelles. Ils b\u00e9n\u00e9ficient d\u2019un <strong>accueil personnalis\u00e9 <\/strong>et peuvent organiser leurs propres \u00e9v\u00e9nements dans un cadre d\u2019exception.<\/p><p>Ils profitent aussi d\u2019un <strong>acc\u00e8s exclusif \u00e0 l\u2019annexe du Palais<\/strong>, les anciennes \u00e9curies enti\u00e8rement restaur\u00e9es, reli\u00e9e au Palais par une liaison pi\u00e9tonne directe de quelques m\u00e8tres.<\/p><p>Cet espace unique, enti\u00e8rement restaur\u00e9, est mis \u00e0 la disposition exclusive des membres pour leurs <strong>r\u00e9ceptions, d\u00eeners, conf\u00e9rences, concerts ou spectacles priv\u00e9s<\/strong>, de jour comme de soir.<\/p><p>Cette annexe est exclusivement r\u00e9serv\u00e9e aux <strong>membres du Cercle <\/strong>et aux <strong>partenaires institutionnels et priv\u00e9s <\/strong>de l\u2019ASBL charg\u00e9e de la restauration et de l\u2019animation de ce joyau du patrimoine belge.<\/p><p>Des <strong>visites comment\u00e9es sur mesure<\/strong>, assur\u00e9es par des guides sp\u00e9cialis\u00e9s et multilingues, leur sont \u00e9galement r\u00e9serv\u00e9es, y compris en dehors des heures d\u2019ouverture au public.<\/p><p>En soutenant ce projet, les entreprises affirment leur engagement en faveur de la <strong>durabilit\u00e9, de la transmission du patrimoine et des Objectifs de D\u00e9veloppement Durable (ODD)<\/strong>, \u00e0 travers un mod\u00e8le culturel exemplaire sur les plans <strong>environnemental, social et de gouvernance (ESG)<\/strong>.<\/p><p>Chaque ann\u00e9e, le nom des membres du Cercle est mentionn\u00e9 sur l\u2019ensemble des supports de communication de l\u2019ASBL Palais chinois et des Pays des Routes de la Soie : publications, brochures, site internet, dossiers de presse et supports promotionnels et d\u2019activit\u00e9s. Une <strong>mention honorifique <\/strong>figurera \u00e9galement au sein du Palais et de son annexe.<\/p>\t\t\t\t\t\t\t\t<\/div>\n\t\t\t\t<\/div>\n\t\t\t\t<\/div>\n\t\t\t\t\t<\/div>\n\t\t\t\t<\/div>\n\t\t<div class=\"elementor-element elementor-element-2167125 e-flex e-con-boxed e-con e-parent\" data-id=\"2167125\" data-element_type=\"container\">\n\t\t\t\t\t<div class=\"e-con-inner\">\n\t\t\t\t<div class=\"elementor-element elementor-element-d085b85 elementor-widget elementor-widget-heading\" data-id=\"d085b85\" data-element_type=\"widget\" data-widget_type=\"heading.default\">\n\t\t\t\t<div class=\"elementor-widget-container\">\n\t\t\t\t\t<h2 class=\"elementor-heading-title elementor-size-default\">Devenir membre d\u2019honneur fondateur \u00e0 partir de 2026 <\/h2>\t\t\t\t<\/div>\n\t\t\t\t<\/div>\n\t\t\t\t<div class=\"elementor-element elementor-element-318a6c8 elementor-widget elementor-widget-text-editor\" data-id=\"318a6c8\" data-element_type=\"widget\" data-widget_type=\"text-editor.default\">\n\t\t\t\t<div class=\"elementor-widget-container\">\n\t\t\t\t\t\t\t\t\t<p>D\u00e8s le lancement des travaux de restauration au d\u00e9but de l\u2019ann\u00e9e 2026, les entreprises et particuliers qui s\u2019engagent \u00e0 participer au financement du projet peuvent devenir <strong>membres d\u2019honneur fondateurs <\/strong>du Cercle.<\/p><ul><li><strong>Entreprises <\/strong>: \u00e0 partir de <strong>60 000 \u20ac par an<\/strong>, pour une dur\u00e9e minimale de trois ans.<\/li><li><strong>Particuliers <\/strong>: \u00e0 partir de <strong>30 000 \u20ac par an<\/strong>, pour une dur\u00e9e minimale de trois ans.<\/li><\/ul><p>Les dons sont <strong>d\u00e9ductibles fiscalement <\/strong>via la Fondation Roi Baudouin.<\/p><p>Les membres d\u2019honneur fondateurs participeront aux <strong>c\u00e9r\u00e9monies officielles de r\u00e9ouverture <\/strong>pr\u00e9vues en 2028. Ils b\u00e9n\u00e9ficieront d\u2019un <strong>acc\u00e8s prioritaire et gratuit <\/strong>\u00e0 l\u2019ensemble du site et d\u2019un <strong>usage exclusif de l\u2019annexe d\u00e8s l\u2019automne 2026<\/strong> et jusqu\u2019\u00e0 trois fois par an, sur r\u00e9servation. Ils seront \u00e9galement invit\u00e9s \u00e0 participer aux <strong>assembl\u00e9es g\u00e9n\u00e9rales <\/strong>de l\u2019ASBL Palais chinois et des Pays des Routes de la Soie.<\/p>\t\t\t\t\t\t\t\t<\/div>\n\t\t\t\t<\/div>\n\t\t\t\t\t<\/div>\n\t\t\t\t<\/div>\n\t\t<div class=\"elementor-element elementor-element-5416ce1 e-flex e-con-boxed e-con e-parent\" data-id=\"5416ce1\" data-element_type=\"container\">\n\t\t\t\t\t<div class=\"e-con-inner\">\n\t\t\t\t<div class=\"elementor-element elementor-element-698810a elementor-widget elementor-widget-heading\" data-id=\"698810a\" data-element_type=\"widget\" data-widget_type=\"heading.default\">\n\t\t\t\t<div class=\"elementor-widget-container\">\n\t\t\t\t\t<h2 class=\"elementor-heading-title elementor-size-default\">Devenir membre \u00e0 partir de la r\u00e9ouverture du Palais pr\u00e9vue en 2028 <\/h2>\t\t\t\t<\/div>\n\t\t\t\t<\/div>\n\t\t\t\t<div class=\"elementor-element elementor-element-d6bbd5d elementor-widget elementor-widget-text-editor\" data-id=\"d6bbd5d\" data-element_type=\"widget\" data-widget_type=\"text-editor.default\">\n\t\t\t\t<div class=\"elementor-widget-container\">\n\t\t\t\t\t\t\t\t\t<p>D\u00e8s 2028, le Cercle s\u2019ouvrira \u00e0 de nouveaux membres donateurs.<\/p><ul><li><strong>Entreprises <\/strong>: \u00e0 partir de <strong>30 000 \u20ac par an<\/strong>, avec d\u00e9duction fiscale.<\/li><li><strong>Particuliers <\/strong>: \u00e0 partir de <strong>10 000 \u20ac par an<\/strong>, avec d\u00e9duction fiscale.<\/li><\/ul><p>Ces membres auront <strong>acc\u00e8s gratuit <\/strong>au Palais et \u00e0 toutes ses activit\u00e9s, ainsi qu\u2019un <strong>usage annuel gratuit de l\u2019annexe<\/strong>, sur r\u00e9servation.<\/p>\t\t\t\t\t\t\t\t<\/div>\n\t\t\t\t<\/div>\n\t\t\t\t\t<\/div>\n\t\t\t\t<\/div>\n\t\t<div class=\"elementor-element elementor-element-4ff6a96 e-flex e-con-boxed e-con e-parent\" data-id=\"4ff6a96\" data-element_type=\"container\">\n\t\t\t\t\t<div class=\"e-con-inner\">\n\t\t<div class=\"elementor-element elementor-element-9c2aae1 e-con-full e-flex e-con e-child\" data-id=\"9c2aae1\" data-element_type=\"container\" data-settings=\"{&quot;background_background&quot;:&quot;classic&quot;}\">\n\t\t\t\t<div class=\"elementor-element elementor-element-55d2882 elementor-widget elementor-widget-heading\" data-id=\"55d2882\" data-element_type=\"widget\" data-widget_type=\"heading.default\">\n\t\t\t\t<div class=\"elementor-widget-container\">\n\t\t\t\t\t<h3 class=\"elementor-heading-title elementor-size-default\">Vous souhaitez devenir membre du Cercle des Amis du Palais chinois et des Pays des Routes de la Soie ou obtenir de plus amples informations \u00e0 ce propos ?<\/h3>\t\t\t\t<\/div>\n\t\t\t\t<\/div>\n\t\t\t\t<div class=\"elementor-element elementor-element-52cc01b elementor-widget elementor-widget-text-editor\" data-id=\"52cc01b\" data-element_type=\"widget\" data-widget_type=\"text-editor.default\">\n\t\t\t\t<div class=\"elementor-widget-container\">\n\t\t\t\t\t\t\t\t\t<ul><li><strong>Contactez-nous par mail<\/strong><\/li><\/ul><p>contact@chinahouse.be<\/p><ul><li><strong>Ou par courrier<\/strong><\/li><\/ul><p>ASBL Palais chinois et des Pays des Routes de la Soie <br \/>Avenue de la Toison d\u2019Or, 87 \u2013 1060 Saint-Gilles (adresse provisoire jusqu\u2019en d\u00e9cembre 2026)<\/p><ul><li><strong>Les dons vers\u00e9s via la Fondation Roi Baudouin<\/strong><\/li><\/ul><p>Compte : <strong>BE10 0000 0000 0404 <br \/><\/strong>BIC : <strong>GEBABEBB <br \/><\/strong>Communication structur\u00e9e : <strong>623\/4003\/20022<\/strong><\/p><ul><li><strong>Les dons vers\u00e9s directement \u00e0 l\u2019ASBL Palais chinois et des Pays des Routes de la Soie<\/strong><\/li><\/ul><p>Compte (Belfius)\u00a0: <strong>BE62 0689 5523 0361<br \/><\/strong>BIC\u00a0: <strong>GKCCBEBB<br \/><\/strong>Communication\u00a0: <strong>Don Palais chinois<\/strong><\/p>\t\t\t\t\t\t\t\t<\/div>\n\t\t\t\t<\/div>\n\t\t\t\t<\/div>\n\t\t\t\t\t<\/div>\n\t\t\t\t<\/div>\n\t\t\t\t<\/div>\n\t\t","protected":false},"excerpt":{"rendered":"<p>Le Cercle des Amis du Palais chinois et des Pays des Routes de la Soie, un lieu d\u2019\u00e9changes entre pass\u00e9, pr\u00e9sent et avenir Soutenir la renaissance du Palais chinois et des Pays des Routes de la Soie, c\u2019est participer \u00e0 une nouvelle page du patrimoine belge. En rejoignant ce Cercle des Amis, particuliers et entreprises [&hellip;]<\/p>\n","protected":false},"author":1,"featured_media":0,"parent":0,"menu_order":0,"comment_status":"closed","ping_status":"closed","template":"","meta":{"_acf_changed":false,"footnotes":""},"class_list":["post-1040","page","type-page","status-publish","hentry"],"acf":[],"yoast_head":"<!-- This site is optimized with the Yoast SEO plugin v26.6 - https:\/\/yoast.com\/wordpress\/plugins\/seo\/ -->\n<title>Le Cercle des amis du Palais Chinois - Palais chinois et des Pays des Routes de la Soie<\/title>\n<meta name=\"robots\" content=\"index, follow, max-snippet:-1, max-image-preview:large, max-video-preview:-1\" \/>\n<link rel=\"canonical\" href=\"https:\/\/chinahouse.be\/the-circle-of-friends-of-the-china-house\/\" \/>\n<meta property=\"og:locale\" content=\"fr_FR\" \/>\n<meta property=\"og:type\" content=\"article\" \/>\n<meta property=\"og:title\" content=\"Le Cercle des amis du Palais Chinois - Palais chinois et des Pays des Routes de la Soie\" \/>\n<meta property=\"og:description\" content=\"Le Cercle des Amis du Palais chinois et des Pays des Routes de la Soie, un lieu d\u2019\u00e9changes entre pass\u00e9, pr\u00e9sent et avenir Soutenir la renaissance du Palais chinois et des Pays des Routes de la Soie, c\u2019est participer \u00e0 une nouvelle page du patrimoine belge. En rejoignant ce Cercle des Amis, particuliers et entreprises [&hellip;]\" \/>\n<meta property=\"og:url\" content=\"https:\/\/chinahouse.be\/the-circle-of-friends-of-the-china-house\/\" \/>\n<meta property=\"og:site_name\" content=\"Palais chinois et des Pays des Routes de la Soie\" \/>\n<meta property=\"article:modified_time\" content=\"2025-10-16T19:59:01+00:00\" \/>\n<meta property=\"og:image\" content=\"https:\/\/chinahouse.be\/wp-content\/uploads\/2025\/03\/ChinaHouse_Laeken_AlexanderDHiet-7-682x1024.webp\" \/>\n<meta name=\"twitter:card\" content=\"summary_large_image\" \/>\n<meta name=\"twitter:label1\" content=\"Dur\u00e9e de lecture estim\u00e9e\" \/>\n\t<meta name=\"twitter:data1\" content=\"3 minutes\" \/>\n<script type=\"application\/ld+json\" class=\"yoast-schema-graph\">{\"@context\":\"https:\/\/schema.org\",\"@graph\":[{\"@type\":\"WebPage\",\"@id\":\"https:\/\/chinahouse.be\/the-circle-of-friends-of-the-china-house\/\",\"url\":\"https:\/\/chinahouse.be\/the-circle-of-friends-of-the-china-house\/\",\"name\":\"Le Cercle des amis du Palais Chinois - Palais chinois et des Pays des Routes de la Soie\",\"isPartOf\":{\"@id\":\"https:\/\/chinahouse.be\/#website\"},\"primaryImageOfPage\":{\"@id\":\"https:\/\/chinahouse.be\/the-circle-of-friends-of-the-china-house\/#primaryimage\"},\"image\":{\"@id\":\"https:\/\/chinahouse.be\/the-circle-of-friends-of-the-china-house\/#primaryimage\"},\"thumbnailUrl\":\"https:\/\/chinahouse.be\/wp-content\/uploads\/2025\/03\/ChinaHouse_Laeken_AlexanderDHiet-7-682x1024.webp\",\"datePublished\":\"2025-03-12T19:18:41+00:00\",\"dateModified\":\"2025-10-16T19:59:01+00:00\",\"breadcrumb\":{\"@id\":\"https:\/\/chinahouse.be\/the-circle-of-friends-of-the-china-house\/#breadcrumb\"},\"inLanguage\":\"fr-FR\",\"potentialAction\":[{\"@type\":\"ReadAction\",\"target\":[\"https:\/\/chinahouse.be\/the-circle-of-friends-of-the-china-house\/\"]}]},{\"@type\":\"ImageObject\",\"inLanguage\":\"fr-FR\",\"@id\":\"https:\/\/chinahouse.be\/the-circle-of-friends-of-the-china-house\/#primaryimage\",\"url\":\"https:\/\/chinahouse.be\/wp-content\/uploads\/2025\/03\/ChinaHouse_Laeken_AlexanderDHiet-7-682x1024.webp\",\"contentUrl\":\"https:\/\/chinahouse.be\/wp-content\/uploads\/2025\/03\/ChinaHouse_Laeken_AlexanderDHiet-7-682x1024.webp\"},{\"@type\":\"BreadcrumbList\",\"@id\":\"https:\/\/chinahouse.be\/the-circle-of-friends-of-the-china-house\/#breadcrumb\",\"itemListElement\":[{\"@type\":\"ListItem\",\"position\":1,\"name\":\"Home\",\"item\":\"https:\/\/chinahouse.be\/\"},{\"@type\":\"ListItem\",\"position\":2,\"name\":\"Le Cercle des amis du Palais Chinois\"}]},{\"@type\":\"WebSite\",\"@id\":\"https:\/\/chinahouse.be\/#website\",\"url\":\"https:\/\/chinahouse.be\/\",\"name\":\"Palais chinois et des Pays des Routes de la Soie\",\"description\":\"Un projet de r\u00e9am\u00e9nagement pour le Palais Chinois \u00e0 Laeken, Bruxelles\",\"publisher\":{\"@id\":\"https:\/\/chinahouse.be\/#organization\"},\"potentialAction\":[{\"@type\":\"SearchAction\",\"target\":{\"@type\":\"EntryPoint\",\"urlTemplate\":\"https:\/\/chinahouse.be\/?s={search_term_string}\"},\"query-input\":{\"@type\":\"PropertyValueSpecification\",\"valueRequired\":true,\"valueName\":\"search_term_string\"}}],\"inLanguage\":\"fr-FR\"},{\"@type\":\"Organization\",\"@id\":\"https:\/\/chinahouse.be\/#organization\",\"name\":\"Palais chinois et des Pays des Routes de la Soie\",\"url\":\"https:\/\/chinahouse.be\/\",\"logo\":{\"@type\":\"ImageObject\",\"inLanguage\":\"fr-FR\",\"@id\":\"https:\/\/chinahouse.be\/#\/schema\/logo\/image\/\",\"url\":\"https:\/\/chinahouse.be\/wp-content\/uploads\/2025\/03\/ChinaHouse.svg\",\"contentUrl\":\"https:\/\/chinahouse.be\/wp-content\/uploads\/2025\/03\/ChinaHouse.svg\",\"width\":257,\"height\":245,\"caption\":\"Palais chinois et des Pays des Routes de la Soie\"},\"image\":{\"@id\":\"https:\/\/chinahouse.be\/#\/schema\/logo\/image\/\"}}]}<\/script>\n<!-- \/ Yoast SEO plugin. -->","yoast_head_json":{"title":"Le Cercle des amis du Palais Chinois - Palais chinois et des Pays des Routes de la Soie","robots":{"index":"index","follow":"follow","max-snippet":"max-snippet:-1","max-image-preview":"max-image-preview:large","max-video-preview":"max-video-preview:-1"},"canonical":"https:\/\/chinahouse.be\/the-circle-of-friends-of-the-china-house\/","og_locale":"fr_FR","og_type":"article","og_title":"Le Cercle des amis du Palais Chinois - Palais chinois et des Pays des Routes de la Soie","og_description":"Le Cercle des Amis du Palais chinois et des Pays des Routes de la Soie, un lieu d\u2019\u00e9changes entre pass\u00e9, pr\u00e9sent et avenir Soutenir la renaissance du Palais chinois et des Pays des Routes de la Soie, c\u2019est participer \u00e0 une nouvelle page du patrimoine belge. En rejoignant ce Cercle des Amis, particuliers et entreprises [&hellip;]","og_url":"https:\/\/chinahouse.be\/the-circle-of-friends-of-the-china-house\/","og_site_name":"Palais chinois et des Pays des Routes de la Soie","article_modified_time":"2025-10-16T19:59:01+00:00","og_image":[{"url":"https:\/\/chinahouse.be\/wp-content\/uploads\/2025\/03\/ChinaHouse_Laeken_AlexanderDHiet-7-682x1024.webp","type":"","width":"","height":""}],"twitter_card":"summary_large_image","twitter_misc":{"Dur\u00e9e de lecture estim\u00e9e":"3 minutes"},"schema":{"@context":"https:\/\/schema.org","@graph":[{"@type":"WebPage","@id":"https:\/\/chinahouse.be\/the-circle-of-friends-of-the-china-house\/","url":"https:\/\/chinahouse.be\/the-circle-of-friends-of-the-china-house\/","name":"Le Cercle des amis du Palais Chinois - Palais chinois et des Pays des Routes de la Soie","isPartOf":{"@id":"https:\/\/chinahouse.be\/#website"},"primaryImageOfPage":{"@id":"https:\/\/chinahouse.be\/the-circle-of-friends-of-the-china-house\/#primaryimage"},"image":{"@id":"https:\/\/chinahouse.be\/the-circle-of-friends-of-the-china-house\/#primaryimage"},"thumbnailUrl":"https:\/\/chinahouse.be\/wp-content\/uploads\/2025\/03\/ChinaHouse_Laeken_AlexanderDHiet-7-682x1024.webp","datePublished":"2025-03-12T19:18:41+00:00","dateModified":"2025-10-16T19:59:01+00:00","breadcrumb":{"@id":"https:\/\/chinahouse.be\/the-circle-of-friends-of-the-china-house\/#breadcrumb"},"inLanguage":"fr-FR","potentialAction":[{"@type":"ReadAction","target":["https:\/\/chinahouse.be\/the-circle-of-friends-of-the-china-house\/"]}]},{"@type":"ImageObject","inLanguage":"fr-FR","@id":"https:\/\/chinahouse.be\/the-circle-of-friends-of-the-china-house\/#primaryimage","url":"https:\/\/chinahouse.be\/wp-content\/uploads\/2025\/03\/ChinaHouse_Laeken_AlexanderDHiet-7-682x1024.webp","contentUrl":"https:\/\/chinahouse.be\/wp-content\/uploads\/2025\/03\/ChinaHouse_Laeken_AlexanderDHiet-7-682x1024.webp"},{"@type":"BreadcrumbList","@id":"https:\/\/chinahouse.be\/the-circle-of-friends-of-the-china-house\/#breadcrumb","itemListElement":[{"@type":"ListItem","position":1,"name":"Home","item":"https:\/\/chinahouse.be\/"},{"@type":"ListItem","position":2,"name":"Le Cercle des amis du Palais Chinois"}]},{"@type":"WebSite","@id":"https:\/\/chinahouse.be\/#website","url":"https:\/\/chinahouse.be\/","name":"Palais chinois et des Pays des Routes de la Soie","description":"Un projet de r\u00e9am\u00e9nagement pour le Palais Chinois \u00e0 Laeken, Bruxelles","publisher":{"@id":"https:\/\/chinahouse.be\/#organization"},"potentialAction":[{"@type":"SearchAction","target":{"@type":"EntryPoint","urlTemplate":"https:\/\/chinahouse.be\/?s={search_term_string}"},"query-input":{"@type":"PropertyValueSpecification","valueRequired":true,"valueName":"search_term_string"}}],"inLanguage":"fr-FR"},{"@type":"Organization","@id":"https:\/\/chinahouse.be\/#organization","name":"Palais chinois et des Pays des Routes de la Soie","url":"https:\/\/chinahouse.be\/","logo":{"@type":"ImageObject","inLanguage":"fr-FR","@id":"https:\/\/chinahouse.be\/#\/schema\/logo\/image\/","url":"https:\/\/chinahouse.be\/wp-content\/uploads\/2025\/03\/ChinaHouse.svg","contentUrl":"https:\/\/chinahouse.be\/wp-content\/uploads\/2025\/03\/ChinaHouse.svg","width":257,"height":245,"caption":"Palais chinois et des Pays des Routes de la Soie"},"image":{"@id":"https:\/\/chinahouse.be\/#\/schema\/logo\/image\/"}}]}},"_links":{"self":[{"href":"https:\/\/chinahouse.be\/fr\/wp-json\/wp\/v2\/pages\/1040","targetHints":{"allow":["GET"]}}],"collection":[{"href":"https:\/\/chinahouse.be\/fr\/wp-json\/wp\/v2\/pages"}],"about":[{"href":"https:\/\/chinahouse.be\/fr\/wp-json\/wp\/v2\/types\/page"}],"author":[{"embeddable":true,"href":"https:\/\/chinahouse.be\/fr\/wp-json\/wp\/v2\/users\/1"}],"replies":[{"embeddable":true,"href":"https:\/\/chinahouse.be\/fr\/wp-json\/wp\/v2\/comments?post=1040"}],"version-history":[{"count":11,"href":"https:\/\/chinahouse.be\/fr\/wp-json\/wp\/v2\/pages\/1040\/revisions"}],"predecessor-version":[{"id":2426,"href":"https:\/\/chinahouse.be\/fr\/wp-json\/wp\/v2\/pages\/1040\/revisions\/2426"}],"wp:attachment":[{"href":"https:\/\/chinahouse.be\/fr\/wp-json\/wp\/v2\/media?parent=1040"}],"curies":[{"name":"wp","href":"https:\/\/api.w.org\/{rel}","templated":true}]}}