{"id":1045,"date":"2025-03-19T10:05:55","date_gmt":"2025-03-19T10:05:55","guid":{"rendered":"https:\/\/chinahouse.be\/?page_id=1045"},"modified":"2025-11-19T14:24:49","modified_gmt":"2025-11-19T14:24:49","slug":"restauration-de-la-maquette-du-palais-chinois","status":"publish","type":"page","link":"https:\/\/chinahouse.be\/fr\/restauration-de-la-maquette-du-palais-chinois\/","title":{"rendered":"Restauration de la maquette du Palais Chinois"},"content":{"rendered":"\t\t<div data-elementor-type=\"wp-page\" data-elementor-id=\"1045\" class=\"elementor elementor-1045 elementor-661\" data-elementor-post-type=\"page\">\n\t\t\t\t<div class=\"elementor-element elementor-element-44de4af e-flex e-con-boxed e-con e-parent\" data-id=\"44de4af\" data-element_type=\"container\" data-settings=\"{&quot;motion_fx_motion_fx_scrolling&quot;:&quot;yes&quot;,&quot;motion_fx_translateY_effect&quot;:&quot;yes&quot;,&quot;motion_fx_translateY_speed&quot;:{&quot;unit&quot;:&quot;px&quot;,&quot;size&quot;:1,&quot;sizes&quot;:[]},&quot;motion_fx_translateY_affectedRange&quot;:{&quot;unit&quot;:&quot;%&quot;,&quot;size&quot;:&quot;&quot;,&quot;sizes&quot;:{&quot;start&quot;:0,&quot;end&quot;:100}},&quot;motion_fx_devices&quot;:[&quot;desktop&quot;,&quot;tablet&quot;,&quot;mobile&quot;]}\">\n\t\t\t\t\t<div class=\"e-con-inner\">\n\t\t<div class=\"elementor-element elementor-element-e0c3f1e e-con-full e-flex e-con e-child\" data-id=\"e0c3f1e\" data-element_type=\"container\">\n\t\t\t\t<div class=\"elementor-element elementor-element-3fa0fb4 elementor-widget elementor-widget-heading\" data-id=\"3fa0fb4\" data-element_type=\"widget\" data-widget_type=\"heading.default\">\n\t\t\t\t<div class=\"elementor-widget-container\">\n\t\t\t\t\t<h1 class=\"elementor-heading-title elementor-size-default\">Restauration de la maquette du Palais Chinois<\/h1>\t\t\t\t<\/div>\n\t\t\t\t<\/div>\n\t\t\t\t<div class=\"elementor-element elementor-element-4ad9797 elementor-widget elementor-widget-text-editor\" data-id=\"4ad9797\" data-element_type=\"widget\" data-widget_type=\"text-editor.default\">\n\t\t\t\t<div class=\"elementor-widget-container\">\n\t\t\t\t\t\t\t\t\t<p>Lorsque l&rsquo;architecte Alexandre Marcel fut charg\u00e9 de concevoir et de construire le Palais Chinois, ainsi que son annexe et la Tour japonaise, il demanda d&rsquo;abord aux artisans de Shanghai de r\u00e9aliser une maquette \u00e0 l&rsquo;\u00e9chelle 1\/10. Les pi\u00e8ces de cette maquette d\u00e9taill\u00e9e en bois furent retrouv\u00e9es plus tard dans l&rsquo;annexe, plut\u00f4t par hasard, et stock\u00e9es au Mus\u00e9e Art &amp; Histoire o\u00f9 elle fut minutieusement restaur\u00e9e de novembre 2024 \u00e0 juillet 2025 gr\u00e2ce \u00e0 une collaboration entre le Mus\u00e9e Art &amp; Histoire, la Fondation Roi Baudouin et le Fonds Jonckheere. <\/p>\n<p>R\u00e9alis\u00e9e \u00e0 l&rsquo;origine \u00e0 Shanghai dans les ateliers de Tushanwan (anciennement romanis\u00e9 T&rsquo;ou-S\u00e8-W\u00e8) en 1903-1904 sous la direction d&rsquo;Aloysus Beck et conserv\u00e9e par la suite par le Mus\u00e9e Art &amp; Histoire. Restauration par Sofie Gonnissen, Thibaut De Coster, Charly Kleinermann, Anna de Callata\u00ff et Thomas S. au Mus\u00e9e Art &amp; Histoire. Avec la collaboration de Gwena\u00eblle de Spa (num\u00e9risation et impression 3D) et de l&rsquo;architecte Nicolas Godelet.  <\/p>\n<p>Gr\u00e2ce au Consul g\u00e9n\u00e9ral de Belgique \u00e0 Shanghai, M. Bruno Jans, les maquettistes charg\u00e9s de la restauration ont obtenu d&rsquo;anciennes photographies et un dessin de l&rsquo;album de Tushanwan qui \u00e9tait initialement destin\u00e9 au roi L\u00e9opold II et conserv\u00e9 \u00e0 Shanghai. Cela leur a permis de reconstruire fid\u00e8lement la maquette et de scanner les \u00e9l\u00e9ments manquants afin de les imprimer en 3D. <\/p>\n<p>Bois sculpt\u00e9, \u00e9l\u00e9ments imprim\u00e9s en 3D de filaments de bois, \u00e9l\u00e9ments en r\u00e9sine obtenus par moulage, 3,80 m (largeur), 1,80 m (hauteur), 80 cm (profondeur), Collection de l&rsquo;association sans but lucratif China House et les Pays de la Route de la Soie<\/p>\t\t\t\t\t\t\t\t<\/div>\n\t\t\t\t<\/div>\n\t\t\t\t<\/div>\n\t\t<div class=\"elementor-element elementor-element-da08516 e-con-full e-flex e-con e-child\" data-id=\"da08516\" data-element_type=\"container\">\n\t\t\t\t<div class=\"elementor-element elementor-element-5603015 elementor-widget elementor-widget-image\" data-id=\"5603015\" data-element_type=\"widget\" data-widget_type=\"image.default\">\n\t\t\t\t<div class=\"elementor-widget-container\">\n\t\t\t\t\t\t\t\t\t\t\t\t\t\t\t<img fetchpriority=\"high\" decoding=\"async\" width=\"697\" height=\"1024\" src=\"https:\/\/chinahouse.be\/wp-content\/uploads\/2025\/03\/ChinaHouse-Plan-697x1024.webp\" class=\"attachment-large size-large wp-image-1047\" alt=\"\" srcset=\"https:\/\/chinahouse.be\/wp-content\/uploads\/2025\/03\/ChinaHouse-Plan-697x1024.webp 697w, https:\/\/chinahouse.be\/wp-content\/uploads\/2025\/03\/ChinaHouse-Plan-204x300.webp 204w, https:\/\/chinahouse.be\/wp-content\/uploads\/2025\/03\/ChinaHouse-Plan.webp 700w\" sizes=\"(max-width: 697px) 100vw, 697px\" \/>\t\t\t\t\t\t\t\t\t\t\t\t\t\t\t<\/div>\n\t\t\t\t<\/div>\n\t\t\t\t<\/div>\n\t\t\t\t<div class=\"elementor-element elementor-element-117adf7 elementor-widget__width-inherit elementor-widget elementor-widget-image\" data-id=\"117adf7\" data-element_type=\"widget\" data-widget_type=\"image.default\">\n\t\t\t\t<div class=\"elementor-widget-container\">\n\t\t\t\t\t\t\t\t\t\t\t\t<figure class=\"wp-caption\">\n\t\t\t\t\t\t\t\t\t\t<img decoding=\"async\" width=\"1400\" height=\"932\" src=\"https:\/\/chinahouse.be\/wp-content\/uploads\/2025\/10\/ChinaHouse-model.webp\" class=\"attachment-full size-full wp-image-2381\" alt=\"\" srcset=\"https:\/\/chinahouse.be\/wp-content\/uploads\/2025\/10\/ChinaHouse-model.webp 1400w, https:\/\/chinahouse.be\/wp-content\/uploads\/2025\/10\/ChinaHouse-model-300x200.webp 300w, https:\/\/chinahouse.be\/wp-content\/uploads\/2025\/10\/ChinaHouse-model-1024x682.webp 1024w, https:\/\/chinahouse.be\/wp-content\/uploads\/2025\/10\/ChinaHouse-model-768x511.webp 768w\" sizes=\"(max-width: 1400px) 100vw, 1400px\" \/>\t\t\t\t\t\t\t\t\t\t\t<figcaption class=\"widget-image-caption wp-caption-text\">\u00a9 Alexandre Christiaens<\/figcaption>\n\t\t\t\t\t\t\t\t\t\t<\/figure>\n\t\t\t\t\t\t\t\t\t<\/div>\n\t\t\t\t<\/div>\n\t\t\t\t\t<\/div>\n\t\t\t\t<\/div>\n\t\t<div class=\"elementor-element elementor-element-a868957 e-flex e-con-boxed e-con e-parent\" data-id=\"a868957\" data-element_type=\"container\" data-settings=\"{&quot;motion_fx_motion_fx_scrolling&quot;:&quot;yes&quot;,&quot;motion_fx_translateY_effect&quot;:&quot;yes&quot;,&quot;motion_fx_translateY_speed&quot;:{&quot;unit&quot;:&quot;px&quot;,&quot;size&quot;:1,&quot;sizes&quot;:[]},&quot;motion_fx_translateY_affectedRange&quot;:{&quot;unit&quot;:&quot;%&quot;,&quot;size&quot;:&quot;&quot;,&quot;sizes&quot;:{&quot;start&quot;:0,&quot;end&quot;:100}},&quot;motion_fx_devices&quot;:[&quot;desktop&quot;,&quot;tablet&quot;,&quot;mobile&quot;]}\">\n\t\t\t\t\t<div class=\"e-con-inner\">\n\t\t\t\t<div class=\"elementor-element elementor-element-ae9b440 elementor-widget elementor-widget-heading\" data-id=\"ae9b440\" data-element_type=\"widget\" data-widget_type=\"heading.default\">\n\t\t\t\t<div class=\"elementor-widget-container\">\n\t\t\t\t\t<h2 class=\"elementor-heading-title elementor-size-default\">Journal de la restauration de la maquette <\/h2>\t\t\t\t<\/div>\n\t\t\t\t<\/div>\n\t\t\t\t<div class=\"elementor-element elementor-element-49dd39c elementor-widget elementor-widget-heading\" data-id=\"49dd39c\" data-element_type=\"widget\" data-widget_type=\"heading.default\">\n\t\t\t\t<div class=\"elementor-widget-container\">\n\t\t\t\t\t<h3 class=\"elementor-heading-title elementor-size-default\"> par Thibaut De Coster, chef de l'\u00e9quipe de construction de maquettes<\/h3>\t\t\t\t<\/div>\n\t\t\t\t<\/div>\n\t\t\t\t<div class=\"elementor-element elementor-element-371c724 elementor-widget elementor-widget-text-editor\" data-id=\"371c724\" data-element_type=\"widget\" data-widget_type=\"text-editor.default\">\n\t\t\t\t<div class=\"elementor-widget-container\">\n\t\t\t\t\t\t\t\t\t<p>Quand cette maquette a-t-elle \u00e9t\u00e9 d\u00e9mont\u00e9e ? Dans quelles circonstances ? Pourquoi a-t-elle \u00e9t\u00e9 stock\u00e9e dans le grenier \u00e0 foin ? Des pi\u00e8ces manquent-elles ? Lorsque nous avons d\u00e9couvert ce qui restait de la maquette, nous n&rsquo;avions aucune r\u00e9ponse \u00e0 ces questions.    <\/p><p>Les responsables du mus\u00e9e \u00e9taient tr\u00e8s enthousiastes \u00e0 l&rsquo;id\u00e9e de restaurer la maquette et ont propos\u00e9 de mettre une salle \u00e0 disposition dans leurs ateliers de restauration pour effectuer les travaux.<\/p><p>Une subvention a \u00e9t\u00e9 obtenue du Fonds Jonckheere, sous l&rsquo;\u00e9gide de la Fondation Roi Baudouin, pour restaurer la maquette.<\/p>\t\t\t\t\t\t\t\t<\/div>\n\t\t\t\t<\/div>\n\t\t<div class=\"elementor-element elementor-element-6aacbd7 e-grid e-con-full e-con e-child\" data-id=\"6aacbd7\" data-element_type=\"container\">\n\t\t\t\t<div class=\"elementor-element elementor-element-9ead704 elementor-widget elementor-widget-video\" data-id=\"9ead704\" data-element_type=\"widget\" data-settings=\"{&quot;video_type&quot;:&quot;hosted&quot;,&quot;controls&quot;:&quot;yes&quot;}\" data-widget_type=\"video.default\">\n\t\t\t\t<div class=\"elementor-widget-container\">\n\t\t\t\t\t\t\t<div class=\"e-hosted-video elementor-wrapper elementor-open-inline\">\n\t\t\t\t\t<video class=\"elementor-video\" src=\"https:\/\/chinahouse.be\/wp-content\/uploads\/2025\/09\/Video-maquette-restauree.mp4\" controls=\"\" preload=\"metadata\" controlsList=\"nodownload\"><\/video>\n\t\t\t\t<\/div>\n\t\t\t\t\t\t<\/div>\n\t\t\t\t<\/div>\n\t\t\t\t<\/div>\n\t\t\t\t\t<\/div>\n\t\t\t\t<\/div>\n\t\t\t\t<\/div>\n\t\t","protected":false},"excerpt":{"rendered":"<p>Lorsque l&rsquo;architecte Alexandre Marcel fut charg\u00e9 de concevoir et de construire le Palais Chinois, ainsi que son annexe et la Tour japonaise, il demanda d&rsquo;abord aux artisans de Shanghai de r\u00e9aliser une maquette \u00e0 l&rsquo;\u00e9chelle 1\/10. Les pi\u00e8ces de cette maquette d\u00e9taill\u00e9e en bois furent retrouv\u00e9es plus tard dans l&rsquo;annexe, plut\u00f4t par hasard, et stock\u00e9es [&hellip;]<\/p>\n","protected":false},"author":1,"featured_media":0,"parent":0,"menu_order":0,"comment_status":"closed","ping_status":"closed","template":"","meta":{"_acf_changed":false,"footnotes":""},"class_list":["post-1045","page","type-page","status-publish","hentry"],"acf":[],"yoast_head":"<!-- This site is optimized with the Yoast SEO plugin v26.6 - https:\/\/yoast.com\/wordpress\/plugins\/seo\/ -->\n<title>Restauration de la maquette du Palais Chinois - Palais chinois et des Pays des Routes de la Soie<\/title>\n<meta name=\"description\" content=\"Gr\u00e2ce \u00e0 la collaboration du Mus\u00e9e Art &amp; Histoire, de la Fondation Roi Baudouin et du Fonds Jonckheere, la restauration de cette maquette a d\u00e9but\u00e9 en novembre 2024 et s\u2019est achev\u00e9e en juillet 2025.\" \/>\n<meta name=\"robots\" content=\"index, follow, max-snippet:-1, max-image-preview:large, max-video-preview:-1\" \/>\n<link rel=\"canonical\" href=\"https:\/\/chinahouse.be\/fr\/restauration-de-la-maquette-du-palais-chinois\/\" \/>\n<meta property=\"og:locale\" content=\"fr_FR\" \/>\n<meta property=\"og:type\" content=\"article\" \/>\n<meta property=\"og:title\" content=\"Restauration de la maquette du Palais Chinois - Palais chinois et des Pays des Routes de la Soie\" \/>\n<meta property=\"og:description\" content=\"Gr\u00e2ce \u00e0 la collaboration du Mus\u00e9e Art &amp; Histoire, de la Fondation Roi Baudouin et du Fonds Jonckheere, la restauration de cette maquette a d\u00e9but\u00e9 en novembre 2024 et s\u2019est achev\u00e9e en juillet 2025.\" \/>\n<meta property=\"og:url\" content=\"https:\/\/chinahouse.be\/fr\/restauration-de-la-maquette-du-palais-chinois\/\" \/>\n<meta property=\"og:site_name\" content=\"Palais chinois et des Pays des Routes de la Soie\" \/>\n<meta property=\"article:modified_time\" content=\"2025-11-19T14:24:49+00:00\" \/>\n<meta property=\"og:image\" content=\"https:\/\/chinahouse.be\/wp-content\/uploads\/2025\/03\/ChinaHouse-Plan.webp\" \/>\n\t<meta property=\"og:image:width\" content=\"700\" \/>\n\t<meta property=\"og:image:height\" content=\"1028\" \/>\n\t<meta property=\"og:image:type\" content=\"image\/webp\" \/>\n<meta name=\"twitter:card\" content=\"summary_large_image\" \/>\n<meta name=\"twitter:label1\" content=\"Dur\u00e9e de lecture estim\u00e9e\" \/>\n\t<meta name=\"twitter:data1\" content=\"9 minutes\" \/>\n<script type=\"application\/ld+json\" class=\"yoast-schema-graph\">{\"@context\":\"https:\/\/schema.org\",\"@graph\":[{\"@type\":\"WebPage\",\"@id\":\"https:\/\/chinahouse.be\/fr\/restauration-de-la-maquette-du-palais-chinois\/\",\"url\":\"https:\/\/chinahouse.be\/fr\/restauration-de-la-maquette-du-palais-chinois\/\",\"name\":\"Restauration de la maquette du Palais Chinois - Palais chinois et des Pays des Routes de la Soie\",\"isPartOf\":{\"@id\":\"https:\/\/chinahouse.be\/#website\"},\"primaryImageOfPage\":{\"@id\":\"https:\/\/chinahouse.be\/fr\/restauration-de-la-maquette-du-palais-chinois\/#primaryimage\"},\"image\":{\"@id\":\"https:\/\/chinahouse.be\/fr\/restauration-de-la-maquette-du-palais-chinois\/#primaryimage\"},\"thumbnailUrl\":\"https:\/\/chinahouse.be\/wp-content\/uploads\/2025\/03\/ChinaHouse-Plan-697x1024.webp\",\"datePublished\":\"2025-03-19T10:05:55+00:00\",\"dateModified\":\"2025-11-19T14:24:49+00:00\",\"description\":\"Gr\u00e2ce \u00e0 la collaboration du Mus\u00e9e Art & Histoire, de la Fondation Roi Baudouin et du Fonds Jonckheere, la restauration de cette maquette a d\u00e9but\u00e9 en novembre 2024 et s\u2019est achev\u00e9e en juillet 2025.\",\"breadcrumb\":{\"@id\":\"https:\/\/chinahouse.be\/fr\/restauration-de-la-maquette-du-palais-chinois\/#breadcrumb\"},\"inLanguage\":\"fr-FR\",\"potentialAction\":[{\"@type\":\"ReadAction\",\"target\":[\"https:\/\/chinahouse.be\/fr\/restauration-de-la-maquette-du-palais-chinois\/\"]}]},{\"@type\":\"ImageObject\",\"inLanguage\":\"fr-FR\",\"@id\":\"https:\/\/chinahouse.be\/fr\/restauration-de-la-maquette-du-palais-chinois\/#primaryimage\",\"url\":\"https:\/\/chinahouse.be\/wp-content\/uploads\/2025\/03\/ChinaHouse-Plan-697x1024.webp\",\"contentUrl\":\"https:\/\/chinahouse.be\/wp-content\/uploads\/2025\/03\/ChinaHouse-Plan-697x1024.webp\"},{\"@type\":\"BreadcrumbList\",\"@id\":\"https:\/\/chinahouse.be\/fr\/restauration-de-la-maquette-du-palais-chinois\/#breadcrumb\",\"itemListElement\":[{\"@type\":\"ListItem\",\"position\":1,\"name\":\"Home\",\"item\":\"https:\/\/chinahouse.be\/\"},{\"@type\":\"ListItem\",\"position\":2,\"name\":\"Restauration de la maquette du Palais Chinois\"}]},{\"@type\":\"WebSite\",\"@id\":\"https:\/\/chinahouse.be\/#website\",\"url\":\"https:\/\/chinahouse.be\/\",\"name\":\"Palais chinois et des Pays des Routes de la Soie\",\"description\":\"Un projet de r\u00e9am\u00e9nagement pour le Palais Chinois \u00e0 Laeken, Bruxelles\",\"publisher\":{\"@id\":\"https:\/\/chinahouse.be\/#organization\"},\"potentialAction\":[{\"@type\":\"SearchAction\",\"target\":{\"@type\":\"EntryPoint\",\"urlTemplate\":\"https:\/\/chinahouse.be\/?s={search_term_string}\"},\"query-input\":{\"@type\":\"PropertyValueSpecification\",\"valueRequired\":true,\"valueName\":\"search_term_string\"}}],\"inLanguage\":\"fr-FR\"},{\"@type\":\"Organization\",\"@id\":\"https:\/\/chinahouse.be\/#organization\",\"name\":\"Palais chinois et des Pays des Routes de la Soie\",\"url\":\"https:\/\/chinahouse.be\/\",\"logo\":{\"@type\":\"ImageObject\",\"inLanguage\":\"fr-FR\",\"@id\":\"https:\/\/chinahouse.be\/#\/schema\/logo\/image\/\",\"url\":\"https:\/\/chinahouse.be\/wp-content\/uploads\/2025\/03\/ChinaHouse.svg\",\"contentUrl\":\"https:\/\/chinahouse.be\/wp-content\/uploads\/2025\/03\/ChinaHouse.svg\",\"width\":257,\"height\":245,\"caption\":\"Palais chinois et des Pays des Routes de la Soie\"},\"image\":{\"@id\":\"https:\/\/chinahouse.be\/#\/schema\/logo\/image\/\"}}]}<\/script>\n<!-- \/ Yoast SEO plugin. -->","yoast_head_json":{"title":"Restauration de la maquette du Palais Chinois - Palais chinois et des Pays des Routes de la Soie","description":"Gr\u00e2ce \u00e0 la collaboration du Mus\u00e9e Art & Histoire, de la Fondation Roi Baudouin et du Fonds Jonckheere, la restauration de cette maquette a d\u00e9but\u00e9 en novembre 2024 et s\u2019est achev\u00e9e en juillet 2025.","robots":{"index":"index","follow":"follow","max-snippet":"max-snippet:-1","max-image-preview":"max-image-preview:large","max-video-preview":"max-video-preview:-1"},"canonical":"https:\/\/chinahouse.be\/fr\/restauration-de-la-maquette-du-palais-chinois\/","og_locale":"fr_FR","og_type":"article","og_title":"Restauration de la maquette du Palais Chinois - Palais chinois et des Pays des Routes de la Soie","og_description":"Gr\u00e2ce \u00e0 la collaboration du Mus\u00e9e Art & Histoire, de la Fondation Roi Baudouin et du Fonds Jonckheere, la restauration de cette maquette a d\u00e9but\u00e9 en novembre 2024 et s\u2019est achev\u00e9e en juillet 2025.","og_url":"https:\/\/chinahouse.be\/fr\/restauration-de-la-maquette-du-palais-chinois\/","og_site_name":"Palais chinois et des Pays des Routes de la Soie","article_modified_time":"2025-11-19T14:24:49+00:00","og_image":[{"width":700,"height":1028,"url":"https:\/\/chinahouse.be\/wp-content\/uploads\/2025\/03\/ChinaHouse-Plan.webp","type":"image\/webp"}],"twitter_card":"summary_large_image","twitter_misc":{"Dur\u00e9e de lecture estim\u00e9e":"9 minutes"},"schema":{"@context":"https:\/\/schema.org","@graph":[{"@type":"WebPage","@id":"https:\/\/chinahouse.be\/fr\/restauration-de-la-maquette-du-palais-chinois\/","url":"https:\/\/chinahouse.be\/fr\/restauration-de-la-maquette-du-palais-chinois\/","name":"Restauration de la maquette du Palais Chinois - Palais chinois et des Pays des Routes de la Soie","isPartOf":{"@id":"https:\/\/chinahouse.be\/#website"},"primaryImageOfPage":{"@id":"https:\/\/chinahouse.be\/fr\/restauration-de-la-maquette-du-palais-chinois\/#primaryimage"},"image":{"@id":"https:\/\/chinahouse.be\/fr\/restauration-de-la-maquette-du-palais-chinois\/#primaryimage"},"thumbnailUrl":"https:\/\/chinahouse.be\/wp-content\/uploads\/2025\/03\/ChinaHouse-Plan-697x1024.webp","datePublished":"2025-03-19T10:05:55+00:00","dateModified":"2025-11-19T14:24:49+00:00","description":"Gr\u00e2ce \u00e0 la collaboration du Mus\u00e9e Art & Histoire, de la Fondation Roi Baudouin et du Fonds Jonckheere, la restauration de cette maquette a d\u00e9but\u00e9 en novembre 2024 et s\u2019est achev\u00e9e en juillet 2025.","breadcrumb":{"@id":"https:\/\/chinahouse.be\/fr\/restauration-de-la-maquette-du-palais-chinois\/#breadcrumb"},"inLanguage":"fr-FR","potentialAction":[{"@type":"ReadAction","target":["https:\/\/chinahouse.be\/fr\/restauration-de-la-maquette-du-palais-chinois\/"]}]},{"@type":"ImageObject","inLanguage":"fr-FR","@id":"https:\/\/chinahouse.be\/fr\/restauration-de-la-maquette-du-palais-chinois\/#primaryimage","url":"https:\/\/chinahouse.be\/wp-content\/uploads\/2025\/03\/ChinaHouse-Plan-697x1024.webp","contentUrl":"https:\/\/chinahouse.be\/wp-content\/uploads\/2025\/03\/ChinaHouse-Plan-697x1024.webp"},{"@type":"BreadcrumbList","@id":"https:\/\/chinahouse.be\/fr\/restauration-de-la-maquette-du-palais-chinois\/#breadcrumb","itemListElement":[{"@type":"ListItem","position":1,"name":"Home","item":"https:\/\/chinahouse.be\/"},{"@type":"ListItem","position":2,"name":"Restauration de la maquette du Palais Chinois"}]},{"@type":"WebSite","@id":"https:\/\/chinahouse.be\/#website","url":"https:\/\/chinahouse.be\/","name":"Palais chinois et des Pays des Routes de la Soie","description":"Un projet de r\u00e9am\u00e9nagement pour le Palais Chinois \u00e0 Laeken, Bruxelles","publisher":{"@id":"https:\/\/chinahouse.be\/#organization"},"potentialAction":[{"@type":"SearchAction","target":{"@type":"EntryPoint","urlTemplate":"https:\/\/chinahouse.be\/?s={search_term_string}"},"query-input":{"@type":"PropertyValueSpecification","valueRequired":true,"valueName":"search_term_string"}}],"inLanguage":"fr-FR"},{"@type":"Organization","@id":"https:\/\/chinahouse.be\/#organization","name":"Palais chinois et des Pays des Routes de la Soie","url":"https:\/\/chinahouse.be\/","logo":{"@type":"ImageObject","inLanguage":"fr-FR","@id":"https:\/\/chinahouse.be\/#\/schema\/logo\/image\/","url":"https:\/\/chinahouse.be\/wp-content\/uploads\/2025\/03\/ChinaHouse.svg","contentUrl":"https:\/\/chinahouse.be\/wp-content\/uploads\/2025\/03\/ChinaHouse.svg","width":257,"height":245,"caption":"Palais chinois et des Pays des Routes de la Soie"},"image":{"@id":"https:\/\/chinahouse.be\/#\/schema\/logo\/image\/"}}]}},"_links":{"self":[{"href":"https:\/\/chinahouse.be\/fr\/wp-json\/wp\/v2\/pages\/1045","targetHints":{"allow":["GET"]}}],"collection":[{"href":"https:\/\/chinahouse.be\/fr\/wp-json\/wp\/v2\/pages"}],"about":[{"href":"https:\/\/chinahouse.be\/fr\/wp-json\/wp\/v2\/types\/page"}],"author":[{"embeddable":true,"href":"https:\/\/chinahouse.be\/fr\/wp-json\/wp\/v2\/users\/1"}],"replies":[{"embeddable":true,"href":"https:\/\/chinahouse.be\/fr\/wp-json\/wp\/v2\/comments?post=1045"}],"version-history":[{"count":42,"href":"https:\/\/chinahouse.be\/fr\/wp-json\/wp\/v2\/pages\/1045\/revisions"}],"predecessor-version":[{"id":3758,"href":"https:\/\/chinahouse.be\/fr\/wp-json\/wp\/v2\/pages\/1045\/revisions\/3758"}],"wp:attachment":[{"href":"https:\/\/chinahouse.be\/fr\/wp-json\/wp\/v2\/media?parent=1045"}],"curies":[{"name":"wp","href":"https:\/\/api.w.org\/{rel}","templated":true}]}}